{"id":459,"date":"2022-03-21T19:50:21","date_gmt":"2022-03-21T22:50:21","guid":{"rendered":"https:\/\/sites.anamclaughlin.com.br\/abrafidef\/?page_id=459"},"modified":"2026-02-12T17:32:55","modified_gmt":"2026-02-12T20:32:55","slug":"como-se-associar","status":"publish","type":"page","link":"https:\/\/abrafidef.org.br\/novo\/abrafidef\/como-se-associar\/","title":{"rendered":"Como Se Associar"},"content":{"rendered":"\t\t<div data-elementor-type=\"wp-page\" data-elementor-id=\"459\" class=\"elementor elementor-459\" data-elementor-settings=\"[]\">\n\t\t\t\t\t\t\t<div class=\"elementor-section-wrap\">\n\t\t\t\t\t\t\t<section class=\"elementor-section elementor-top-section elementor-element elementor-element-568d3b8e elementor-section-content-middle elementor-section-boxed elementor-section-height-default elementor-section-height-default\" data-id=\"568d3b8e\" data-element_type=\"section\" data-settings=\"{&quot;background_background&quot;:&quot;classic&quot;}\">\n\t\t\t\t\t\t\t<div class=\"elementor-background-overlay\"><\/div>\n\t\t\t\t\t\t\t<div class=\"elementor-container elementor-column-gap-wide\">\n\t\t\t\t\t<div class=\"elementor-column elementor-col-100 elementor-top-column elementor-element elementor-element-5819bdf2\" data-id=\"5819bdf2\" data-element_type=\"column\">\n\t\t\t<div class=\"elementor-widget-wrap elementor-element-populated\">\n\t\t\t\t\t\t\t\t<div class=\"elementor-element elementor-element-128828fb elementor-invisible elementor-widget elementor-widget-heading\" data-id=\"128828fb\" data-element_type=\"widget\" data-settings=\"{&quot;_animation&quot;:&quot;fadeIn&quot;,&quot;_animation_delay&quot;:&quot;50&quot;}\" data-widget_type=\"heading.default\">\n\t\t\t\t<div class=\"elementor-widget-container\">\n\t\t\t<style>\/*! elementor - v3.5.5 - 03-02-2022 *\/\n.elementor-heading-title{padding:0;margin:0;line-height:1}.elementor-widget-heading .elementor-heading-title[class*=elementor-size-]>a{color:inherit;font-size:inherit;line-height:inherit}.elementor-widget-heading .elementor-heading-title.elementor-size-small{font-size:15px}.elementor-widget-heading .elementor-heading-title.elementor-size-medium{font-size:19px}.elementor-widget-heading .elementor-heading-title.elementor-size-large{font-size:29px}.elementor-widget-heading .elementor-heading-title.elementor-size-xl{font-size:39px}.elementor-widget-heading .elementor-heading-title.elementor-size-xxl{font-size:59px}<\/style><h2 class=\"elementor-heading-title elementor-size-default\">ASSOCIADOS &gt; Como Se Associar<\/h2>\t\t<\/div>\n\t\t\t\t<\/div>\n\t\t\t\t<div class=\"elementor-element elementor-element-64f06df2 elementor-widget-divider--view-line elementor-invisible elementor-widget elementor-widget-divider\" data-id=\"64f06df2\" data-element_type=\"widget\" data-settings=\"{&quot;_animation&quot;:&quot;fadeIn&quot;,&quot;_animation_delay&quot;:&quot;300&quot;}\" data-widget_type=\"divider.default\">\n\t\t\t\t<div class=\"elementor-widget-container\">\n\t\t\t<style>\/*! elementor - v3.5.5 - 03-02-2022 *\/\n.elementor-widget-divider{--divider-border-style:none;--divider-border-width:1px;--divider-color:#2c2c2c;--divider-icon-size:20px;--divider-element-spacing:10px;--divider-pattern-height:24px;--divider-pattern-size:20px;--divider-pattern-url:none;--divider-pattern-repeat:repeat-x}.elementor-widget-divider .elementor-divider{display:-webkit-box;display:-ms-flexbox;display:flex}.elementor-widget-divider .elementor-divider__text{font-size:15px;line-height:1;max-width:95%}.elementor-widget-divider .elementor-divider__element{margin:0 var(--divider-element-spacing);-ms-flex-negative:0;flex-shrink:0}.elementor-widget-divider .elementor-icon{font-size:var(--divider-icon-size)}.elementor-widget-divider .elementor-divider-separator{display:-webkit-box;display:-ms-flexbox;display:flex;margin:0;direction:ltr}.elementor-widget-divider--view-line_icon .elementor-divider-separator,.elementor-widget-divider--view-line_text .elementor-divider-separator{-webkit-box-align:center;-ms-flex-align:center;align-items:center}.elementor-widget-divider--view-line_icon .elementor-divider-separator:after,.elementor-widget-divider--view-line_icon .elementor-divider-separator:before,.elementor-widget-divider--view-line_text .elementor-divider-separator:after,.elementor-widget-divider--view-line_text .elementor-divider-separator:before{display:block;content:\"\";border-bottom:0;-webkit-box-flex:1;-ms-flex-positive:1;flex-grow:1;border-top:var(--divider-border-width) var(--divider-border-style) var(--divider-color)}.elementor-widget-divider--element-align-left .elementor-divider .elementor-divider-separator>.elementor-divider__svg:first-of-type{-webkit-box-flex:0;-ms-flex-positive:0;flex-grow:0;-ms-flex-negative:100;flex-shrink:100}.elementor-widget-divider--element-align-left .elementor-divider-separator:before{content:none}.elementor-widget-divider--element-align-left .elementor-divider__element{margin-left:0}.elementor-widget-divider--element-align-right .elementor-divider .elementor-divider-separator>.elementor-divider__svg:last-of-type{-webkit-box-flex:0;-ms-flex-positive:0;flex-grow:0;-ms-flex-negative:100;flex-shrink:100}.elementor-widget-divider--element-align-right .elementor-divider-separator:after{content:none}.elementor-widget-divider--element-align-right .elementor-divider__element{margin-right:0}.elementor-widget-divider:not(.elementor-widget-divider--view-line_text):not(.elementor-widget-divider--view-line_icon) .elementor-divider-separator{border-top:var(--divider-border-width) var(--divider-border-style) var(--divider-color)}.elementor-widget-divider--separator-type-pattern{--divider-border-style:none}.elementor-widget-divider--separator-type-pattern.elementor-widget-divider--view-line .elementor-divider-separator,.elementor-widget-divider--separator-type-pattern:not(.elementor-widget-divider--view-line) .elementor-divider-separator:after,.elementor-widget-divider--separator-type-pattern:not(.elementor-widget-divider--view-line) .elementor-divider-separator:before,.elementor-widget-divider--separator-type-pattern:not([class*=elementor-widget-divider--view]) .elementor-divider-separator{width:100%;min-height:var(--divider-pattern-height);-webkit-mask-size:var(--divider-pattern-size) 100%;mask-size:var(--divider-pattern-size) 100%;-webkit-mask-repeat:var(--divider-pattern-repeat);mask-repeat:var(--divider-pattern-repeat);background-color:var(--divider-color);-webkit-mask-image:var(--divider-pattern-url);mask-image:var(--divider-pattern-url)}.elementor-widget-divider--no-spacing{--divider-pattern-size:auto}.elementor-widget-divider--bg-round{--divider-pattern-repeat:round}.rtl .elementor-widget-divider .elementor-divider__text{direction:rtl}<\/style>\t\t<div class=\"elementor-divider\">\n\t\t\t<span class=\"elementor-divider-separator\">\n\t\t\t\t\t\t<\/span>\n\t\t<\/div>\n\t\t\t\t<\/div>\n\t\t\t\t<\/div>\n\t\t\t\t<section class=\"elementor-section elementor-inner-section elementor-element elementor-element-70515fff elementor-section-boxed elementor-section-height-default elementor-section-height-default\" data-id=\"70515fff\" data-element_type=\"section\">\n\t\t\t\t\t\t<div class=\"elementor-container elementor-column-gap-no\">\n\t\t\t\t\t<div class=\"elementor-column elementor-col-100 elementor-inner-column elementor-element elementor-element-1ba1d64c\" data-id=\"1ba1d64c\" data-element_type=\"column\">\n\t\t\t<div class=\"elementor-widget-wrap elementor-element-populated\">\n\t\t\t\t\t\t\t\t<div class=\"elementor-element elementor-element-11b51d0b elementor-widget elementor-widget-text-editor\" data-id=\"11b51d0b\" data-element_type=\"widget\" data-widget_type=\"text-editor.default\">\n\t\t\t\t<div class=\"elementor-widget-container\">\n\t\t\t<style>\/*! elementor - v3.5.5 - 03-02-2022 *\/\n.elementor-widget-text-editor.elementor-drop-cap-view-stacked .elementor-drop-cap{background-color:#818a91;color:#fff}.elementor-widget-text-editor.elementor-drop-cap-view-framed .elementor-drop-cap{color:#818a91;border:3px solid;background-color:transparent}.elementor-widget-text-editor:not(.elementor-drop-cap-view-default) .elementor-drop-cap{margin-top:8px}.elementor-widget-text-editor:not(.elementor-drop-cap-view-default) .elementor-drop-cap-letter{width:1em;height:1em}.elementor-widget-text-editor .elementor-drop-cap{float:left;text-align:center;line-height:1;font-size:50px}.elementor-widget-text-editor .elementor-drop-cap-letter{display:inline-block}<\/style>\t\t\t\t<p>Ser\u00e3o S\u00d3CIOS PROFISSIONAIS os fisioterapeutas regularmente inscritos no Conselho Regional de Fisioterapia e Terapia Ocupacional de sua jurisdi\u00e7\u00e3o, e que preencham todas as condi\u00e7\u00f5es de legitimidade do exerc\u00edcio profissional.<\/p><p>Ser\u00e3o S\u00d3CIOS ACAD\u00caMICOS, os graduandos regularmente matriculados em curso superior de Fisioterapia autorizados e\/ou reconhecidos pelo \u00f3rg\u00e3o competente, com dedica\u00e7\u00e3o acad\u00eamica \u00e0 Fisioterapia Dermatofuncional.<\/p><p>Para se tornar membro da ABRAFIDEF, o profissional fisioterapeuta ou acad\u00eamico, dever\u00e1 preencher a ficha de cadastro dispon\u00edvel neste site e imprimir o boleto que ser\u00e1 disponibilizado.<\/p><p>A filia\u00e7\u00e3o somente ser\u00e1 concretizada mediante a anexa\u00e7\u00e3o de documenta\u00e7\u00e3o exigida: C\u00f3pia do RG, C\u00f3pia do CPF, C\u00f3pia do Comprovante de Resid\u00eancia, C\u00f3pia do Diploma e Fotografia de Rosto &#8211; Tipo 3&#215;4. Para os casos de S\u00f3cios Acad\u00eamicos, a c\u00f3pia do diploma dever\u00e1 ser substitu\u00edda pela c\u00f3pia do comprovante de matricula (atualizado), comprovando o vinculo com a institui\u00e7\u00e3o de ensino declarada.<\/p><p>O boleto ap\u00f3s pagamento possui quita\u00e7\u00e3o autom\u00e1tica pelo sistema banc\u00e1rio n\u00e3o sendo necess\u00e1rio enviar comprovante \u00e1 Secretaria Executiva.<\/p><p>Somente ap\u00f3s a libera\u00e7\u00e3o da Secretaria Executiva da ABRAFIDEF, no prazo m\u00e1ximo de 7 dias \u00fateis, \u00e9 que seu nome entrar\u00e1 nas listas de Associado e\/ou Especialistas em nosso site e voc\u00ea receber\u00e1 a libera\u00e7\u00e3o para acesso \u00e0 \u00e1rea do associado onde poder\u00e1 obter a sua carteirinha, declara\u00e7\u00e3o de associado e a declara\u00e7\u00e3o negativa de d\u00e9bitos, al\u00e9m de outras fun\u00e7\u00f5es dispon\u00edveis.<\/p><p><strong>DOCUMENTOS<\/strong>:<\/p><p>\u2022 C\u00d3PIA DO DIPLOMA DE GRADUA\u00c7\u00c3O EM FISIOTERAPIA (para profissionais)<\/p><p>\u2022 C\u00d3PIA DO COMPROVANTE DE MATR\u00cdCULA EM CURSO DE FISIOTERAPIA (para graduandos)<\/p><p>\u2022 C\u00d3PIA DO RG (Frente e Verso)<\/p><p>\u2022 C\u00d3PIA DO CPF<\/p><p>\u2022 C\u00d3PIA DO PASSAPORTE (Para estrangeiros)<\/p><p>\u2022 C\u00d3PIA DO COMPROVANTE DE RESID\u00caNCIA ATUALIZADO (Em nome do associado, ou acompanhado de declara\u00e7\u00e3o do titular, caso o comprovante esteja em nome de um terceiro)<\/p><p>\u2022 C\u00d3PIA DA CARTEIRA DO CREFITO (Frente e Verso) (Para s\u00f3cios nas categorias Profissionais e Especialistas)<\/p><p>\u2022 FOTOGRAFIA DE ROSTO &#8211; TIPO 3&#215;4<\/p><p><strong>VALORES DA ANUIDADE (2026):<\/strong><\/p><table class=\"tabelaAnuidade\"><tbody><tr><th><b>TIPO DE INSCRI\u00c7\u00c3O<br \/><\/b><\/th><th><b>ANUIDADE 2026<\/b><\/th><th>\u00a0<\/th><\/tr><tr><td>\u00a0 \u00a0 \u00a0Acad\u00eamico<\/td><td>\u00a0R$ 209,00<\/td><td>\u00a0<\/td><\/tr><tr><td>\u00a0 \u00a0 \u00a0Profissional<\/td><td>\u00a0R$ 290,00<\/td><td>\u00a0<\/td><\/tr><\/tbody><\/table>\t\t\t\t\t\t<\/div>\n\t\t\t\t<\/div>\n\t\t\t\t<div class=\"elementor-element elementor-element-c67e749 elementor-align-left elementor-widget elementor-widget-button\" data-id=\"c67e749\" data-element_type=\"widget\" data-widget_type=\"button.default\">\n\t\t\t\t<div class=\"elementor-widget-container\">\n\t\t\t\t\t<div class=\"elementor-button-wrapper\">\n\t\t\t<a href=\"http:\/\/www.abrafidef.org.br\/areaAssociado\/login.php\" target=\"_blank\" class=\"elementor-button-link elementor-button elementor-size-sm\" role=\"button\">\n\t\t\t\t\t\t<span class=\"elementor-button-content-wrapper\">\n\t\t\t\t\t\t<span class=\"elementor-button-text\">ASSOCIE-SE<\/span>\n\t\t<\/span>\n\t\t\t\t\t<\/a>\n\t\t<\/div>\n\t\t\t\t<\/div>\n\t\t\t\t<\/div>\n\t\t\t\t\t<\/div>\n\t\t<\/div>\n\t\t\t\t\t\t\t<\/div>\n\t\t<\/section>\n\t\t\t\t\t<\/div>\n\t\t<\/div>\n\t\t\t\t\t\t\t<\/div>\n\t\t<\/section>\n\t\t\t\t\t\t<\/div>\n\t\t\t\t\t<\/div>\n\t\t","protected":false},"excerpt":{"rendered":"<p>ASSOCIADOS &gt; Como Se Associar Ser\u00e3o S\u00d3CIOS PROFISSIONAIS os fisioterapeutas regularmente inscritos no Conselho Regional de Fisioterapia e Terapia Ocupacional de sua jurisdi\u00e7\u00e3o, e que preencham todas as condi\u00e7\u00f5es de legitimidade do exerc\u00edcio profissional. Ser\u00e3o S\u00d3CIOS ACAD\u00caMICOS, os graduandos regularmente matriculados em curso superior de Fisioterapia autorizados e\/ou reconhecidos pelo \u00f3rg\u00e3o competente, com dedica\u00e7\u00e3o acad\u00eamica [&hellip;]<\/p>\n","protected":false},"author":1,"featured_media":0,"parent":0,"menu_order":0,"comment_status":"closed","ping_status":"closed","template":"elementor_header_footer","meta":[],"_links":{"self":[{"href":"https:\/\/abrafidef.org.br\/novo\/abrafidef\/wp-json\/wp\/v2\/pages\/459"}],"collection":[{"href":"https:\/\/abrafidef.org.br\/novo\/abrafidef\/wp-json\/wp\/v2\/pages"}],"about":[{"href":"https:\/\/abrafidef.org.br\/novo\/abrafidef\/wp-json\/wp\/v2\/types\/page"}],"author":[{"embeddable":true,"href":"https:\/\/abrafidef.org.br\/novo\/abrafidef\/wp-json\/wp\/v2\/users\/1"}],"replies":[{"embeddable":true,"href":"https:\/\/abrafidef.org.br\/novo\/abrafidef\/wp-json\/wp\/v2\/comments?post=459"}],"version-history":[{"count":52,"href":"https:\/\/abrafidef.org.br\/novo\/abrafidef\/wp-json\/wp\/v2\/pages\/459\/revisions"}],"predecessor-version":[{"id":3664,"href":"https:\/\/abrafidef.org.br\/novo\/abrafidef\/wp-json\/wp\/v2\/pages\/459\/revisions\/3664"}],"wp:attachment":[{"href":"https:\/\/abrafidef.org.br\/novo\/abrafidef\/wp-json\/wp\/v2\/media?parent=459"}],"curies":[{"name":"wp","href":"https:\/\/api.w.org\/{rel}","templated":true}]}}