{"id":19,"date":"2022-02-24T23:35:01","date_gmt":"2022-02-25T02:35:01","guid":{"rendered":"https:\/\/sites.anamclaughlin.com.br\/abrafidef\/?page_id=19"},"modified":"2022-05-02T18:22:39","modified_gmt":"2022-05-02T21:22:39","slug":"quem-somos","status":"publish","type":"page","link":"https:\/\/abrafidef.org.br\/novo\/abrafidef\/quem-somos\/","title":{"rendered":"Quem Somos"},"content":{"rendered":"\t\t<div data-elementor-type=\"wp-page\" data-elementor-id=\"19\" class=\"elementor elementor-19\" data-elementor-settings=\"[]\">\n\t\t\t\t\t\t\t<div class=\"elementor-section-wrap\">\n\t\t\t\t\t\t\t<section class=\"elementor-section elementor-top-section elementor-element elementor-element-568d3b8e elementor-section-content-middle elementor-section-boxed elementor-section-height-default elementor-section-height-default\" data-id=\"568d3b8e\" data-element_type=\"section\" data-settings=\"{&quot;background_background&quot;:&quot;classic&quot;}\">\n\t\t\t\t\t\t\t<div class=\"elementor-background-overlay\"><\/div>\n\t\t\t\t\t\t\t<div class=\"elementor-container elementor-column-gap-wide\">\n\t\t\t\t\t<div class=\"elementor-column elementor-col-100 elementor-top-column elementor-element elementor-element-5819bdf2\" data-id=\"5819bdf2\" data-element_type=\"column\">\n\t\t\t<div class=\"elementor-widget-wrap elementor-element-populated\">\n\t\t\t\t\t\t\t\t<div class=\"elementor-element elementor-element-128828fb elementor-invisible elementor-widget elementor-widget-heading\" data-id=\"128828fb\" data-element_type=\"widget\" data-settings=\"{&quot;_animation&quot;:&quot;fadeIn&quot;,&quot;_animation_delay&quot;:&quot;50&quot;}\" data-widget_type=\"heading.default\">\n\t\t\t\t<div class=\"elementor-widget-container\">\n\t\t\t<style>\/*! elementor - v3.5.5 - 03-02-2022 *\/\n.elementor-heading-title{padding:0;margin:0;line-height:1}.elementor-widget-heading .elementor-heading-title[class*=elementor-size-]>a{color:inherit;font-size:inherit;line-height:inherit}.elementor-widget-heading .elementor-heading-title.elementor-size-small{font-size:15px}.elementor-widget-heading .elementor-heading-title.elementor-size-medium{font-size:19px}.elementor-widget-heading .elementor-heading-title.elementor-size-large{font-size:29px}.elementor-widget-heading .elementor-heading-title.elementor-size-xl{font-size:39px}.elementor-widget-heading .elementor-heading-title.elementor-size-xxl{font-size:59px}<\/style><h2 class=\"elementor-heading-title elementor-size-default\">ABRAFIDEF &gt; Quem somos<\/h2>\t\t<\/div>\n\t\t\t\t<\/div>\n\t\t\t\t<div class=\"elementor-element elementor-element-64f06df2 elementor-widget-divider--view-line elementor-invisible elementor-widget elementor-widget-divider\" data-id=\"64f06df2\" data-element_type=\"widget\" data-settings=\"{&quot;_animation&quot;:&quot;fadeIn&quot;,&quot;_animation_delay&quot;:&quot;300&quot;}\" data-widget_type=\"divider.default\">\n\t\t\t\t<div class=\"elementor-widget-container\">\n\t\t\t<style>\/*! elementor - v3.5.5 - 03-02-2022 *\/\n.elementor-widget-divider{--divider-border-style:none;--divider-border-width:1px;--divider-color:#2c2c2c;--divider-icon-size:20px;--divider-element-spacing:10px;--divider-pattern-height:24px;--divider-pattern-size:20px;--divider-pattern-url:none;--divider-pattern-repeat:repeat-x}.elementor-widget-divider .elementor-divider{display:-webkit-box;display:-ms-flexbox;display:flex}.elementor-widget-divider .elementor-divider__text{font-size:15px;line-height:1;max-width:95%}.elementor-widget-divider .elementor-divider__element{margin:0 var(--divider-element-spacing);-ms-flex-negative:0;flex-shrink:0}.elementor-widget-divider .elementor-icon{font-size:var(--divider-icon-size)}.elementor-widget-divider .elementor-divider-separator{display:-webkit-box;display:-ms-flexbox;display:flex;margin:0;direction:ltr}.elementor-widget-divider--view-line_icon .elementor-divider-separator,.elementor-widget-divider--view-line_text .elementor-divider-separator{-webkit-box-align:center;-ms-flex-align:center;align-items:center}.elementor-widget-divider--view-line_icon .elementor-divider-separator:after,.elementor-widget-divider--view-line_icon .elementor-divider-separator:before,.elementor-widget-divider--view-line_text .elementor-divider-separator:after,.elementor-widget-divider--view-line_text .elementor-divider-separator:before{display:block;content:\"\";border-bottom:0;-webkit-box-flex:1;-ms-flex-positive:1;flex-grow:1;border-top:var(--divider-border-width) var(--divider-border-style) var(--divider-color)}.elementor-widget-divider--element-align-left .elementor-divider .elementor-divider-separator>.elementor-divider__svg:first-of-type{-webkit-box-flex:0;-ms-flex-positive:0;flex-grow:0;-ms-flex-negative:100;flex-shrink:100}.elementor-widget-divider--element-align-left .elementor-divider-separator:before{content:none}.elementor-widget-divider--element-align-left .elementor-divider__element{margin-left:0}.elementor-widget-divider--element-align-right .elementor-divider .elementor-divider-separator>.elementor-divider__svg:last-of-type{-webkit-box-flex:0;-ms-flex-positive:0;flex-grow:0;-ms-flex-negative:100;flex-shrink:100}.elementor-widget-divider--element-align-right .elementor-divider-separator:after{content:none}.elementor-widget-divider--element-align-right .elementor-divider__element{margin-right:0}.elementor-widget-divider:not(.elementor-widget-divider--view-line_text):not(.elementor-widget-divider--view-line_icon) .elementor-divider-separator{border-top:var(--divider-border-width) var(--divider-border-style) var(--divider-color)}.elementor-widget-divider--separator-type-pattern{--divider-border-style:none}.elementor-widget-divider--separator-type-pattern.elementor-widget-divider--view-line .elementor-divider-separator,.elementor-widget-divider--separator-type-pattern:not(.elementor-widget-divider--view-line) .elementor-divider-separator:after,.elementor-widget-divider--separator-type-pattern:not(.elementor-widget-divider--view-line) .elementor-divider-separator:before,.elementor-widget-divider--separator-type-pattern:not([class*=elementor-widget-divider--view]) .elementor-divider-separator{width:100%;min-height:var(--divider-pattern-height);-webkit-mask-size:var(--divider-pattern-size) 100%;mask-size:var(--divider-pattern-size) 100%;-webkit-mask-repeat:var(--divider-pattern-repeat);mask-repeat:var(--divider-pattern-repeat);background-color:var(--divider-color);-webkit-mask-image:var(--divider-pattern-url);mask-image:var(--divider-pattern-url)}.elementor-widget-divider--no-spacing{--divider-pattern-size:auto}.elementor-widget-divider--bg-round{--divider-pattern-repeat:round}.rtl .elementor-widget-divider .elementor-divider__text{direction:rtl}<\/style>\t\t<div class=\"elementor-divider\">\n\t\t\t<span class=\"elementor-divider-separator\">\n\t\t\t\t\t\t<\/span>\n\t\t<\/div>\n\t\t\t\t<\/div>\n\t\t\t\t<\/div>\n\t\t\t\t<section class=\"elementor-section elementor-inner-section elementor-element elementor-element-70515fff elementor-section-boxed elementor-section-height-default elementor-section-height-default\" data-id=\"70515fff\" data-element_type=\"section\">\n\t\t\t\t\t\t<div class=\"elementor-container elementor-column-gap-no\">\n\t\t\t\t\t<div class=\"elementor-column elementor-col-100 elementor-inner-column elementor-element elementor-element-1ba1d64c\" data-id=\"1ba1d64c\" data-element_type=\"column\">\n\t\t\t<div class=\"elementor-widget-wrap elementor-element-populated\">\n\t\t\t\t\t\t\t\t<div class=\"elementor-element elementor-element-11b51d0b elementor-widget elementor-widget-text-editor\" data-id=\"11b51d0b\" data-element_type=\"widget\" data-widget_type=\"text-editor.default\">\n\t\t\t\t<div class=\"elementor-widget-container\">\n\t\t\t<style>\/*! elementor - v3.5.5 - 03-02-2022 *\/\n.elementor-widget-text-editor.elementor-drop-cap-view-stacked .elementor-drop-cap{background-color:#818a91;color:#fff}.elementor-widget-text-editor.elementor-drop-cap-view-framed .elementor-drop-cap{color:#818a91;border:3px solid;background-color:transparent}.elementor-widget-text-editor:not(.elementor-drop-cap-view-default) .elementor-drop-cap{margin-top:8px}.elementor-widget-text-editor:not(.elementor-drop-cap-view-default) .elementor-drop-cap-letter{width:1em;height:1em}.elementor-widget-text-editor .elementor-drop-cap{float:left;text-align:center;line-height:1;font-size:50px}.elementor-widget-text-editor .elementor-drop-cap-letter{display:inline-block}<\/style>\t\t\t\t<p>A Associa\u00e7\u00e3o Brasileira de Fisioterapia Dermatofuncional (ABRAFIDEF) \u00e9 uma associa\u00e7\u00e3o civil, sem fins lucrativos, representativa dos Fisioterapeutas que atuam nesta especialidade em todo territ\u00f3rio nacional.<\/p><p>Sua atua\u00e7\u00e3o est\u00e1 voltada para promover a prova de t\u00edtulos (necess\u00e1ria para o reconhecimento do profissional como especialista), divulga\u00e7\u00e3o e defesa de assuntos cient\u00edficos, organiza\u00e7\u00e3o de eventos cient\u00edficos e de integra\u00e7\u00e3o, atuar como \u00f3rg\u00e3o consultivo no estudo e solu\u00e7\u00e3o de problemas relacionadas a categoria profissional.<\/p><p>Inicialmente a \u00e1rea era designada de \u201cFisioterapia Est\u00e9tica\u201d, mas o termo n\u00e3o contemplava todo o espectro de atua\u00e7\u00e3o da \u00e1rea, a qual envolve todas as disfun\u00e7\u00f5es do tegumento, e muitas outras end\u00f3crino-metab\u00f3licas, al\u00e9m de altera\u00e7\u00f5es n\u00e3o estritamente est\u00e9ticas.<\/p><p>Diante desta nova realidade e de uma reflex\u00e3o por parte de profissionais que atuam na \u00e1rea, optou-se pela designa\u00e7\u00e3o \u201cFisioterapia Dermatofuncional.\u201d<\/p><p>A Fisioterapia Dermatofuncional atua em disfun\u00e7\u00f5es que afetam direta ou indiretamente a pele, visando fundamentalmente atuar diretamente na capacidade funcional do indiv\u00edduo.<\/p><p>Ap\u00f3s muitos anos de luta foi reconhecida como especialidade do profissional fisioterapeuta pela Resolu\u00e7\u00e3o COFFITO n\u00ba. 362, de 20 de maio de 2009.<\/p>\t\t\t\t\t\t<\/div>\n\t\t\t\t<\/div>\n\t\t\t\t\t<\/div>\n\t\t<\/div>\n\t\t\t\t\t\t\t<\/div>\n\t\t<\/section>\n\t\t\t\t\t<\/div>\n\t\t<\/div>\n\t\t\t\t\t\t\t<\/div>\n\t\t<\/section>\n\t\t\t\t\t\t<\/div>\n\t\t\t\t\t<\/div>\n\t\t","protected":false},"excerpt":{"rendered":"<p>\/*! elementor &#8211; v3.5.5 &#8211; 03-02-2022 *\/ .elementor-heading-title{padding:0;margin:0;line-height:1}.elementor-widget-heading .elementor-heading-title[class*=elementor-size-]&gt;a{color:inherit;font-size:inherit;line-height:inherit}.elementor-widget-heading .elementor-heading-title.elementor-size-small{font-size:15px}.elementor-widget-heading .elementor-heading-title.elementor-size-medium{font-size:19px}.elementor-widget-heading .elementor-heading-title.elementor-size-large{font-size:29px}.elementor-widget-heading .elementor-heading-title.elementor-size-xl{font-size:39px}.elementor-widget-heading .elementor-heading-title.elementor-size-xxl{font-size:59px} ABRAFIDEF &gt; Quem somos \/*! elementor &#8211; v3.5.5 &#8211; 03-02-2022 *\/ .elementor-widget-divider{&#8211;divider-border-style:none;&#8211;divider-border-width:1px;&#8211;divider-color:#2c2c2c;&#8211;divider-icon-size:20px;&#8211;divider-element-spacing:10px;&#8211;divider-pattern-height:24px;&#8211;divider-pattern-size:20px;&#8211;divider-pattern-url:none;&#8211;divider-pattern-repeat:repeat-x}.elementor-widget-divider .elementor-divider{display:-webkit-box;display:-ms-flexbox;display:flex}.elementor-widget-divider .elementor-divider__text{font-size:15px;line-height:1;max-width:95%}.elementor-widget-divider .elementor-divider__element{margin:0 var(&#8211;divider-element-spacing);-ms-flex-negative:0;flex-shrink:0}.elementor-widget-divider .elementor-icon{font-size:var(&#8211;divider-icon-size)}.elementor-widget-divider .elementor-divider-separator{display:-webkit-box;display:-ms-flexbox;display:flex;margin:0;direction:ltr}.elementor-widget-divider&#8211;view-line_icon .elementor-divider-separator,.elementor-widget-divider&#8211;view-line_text .elementor-divider-separator{-webkit-box-align:center;-ms-flex-align:center;align-items:center}.elementor-widget-divider&#8211;view-line_icon .elementor-divider-separator:after,.elementor-widget-divider&#8211;view-line_icon .elementor-divider-separator:before,.elementor-widget-divider&#8211;view-line_text .elementor-divider-separator:after,.elementor-widget-divider&#8211;view-line_text .elementor-divider-separator:before{display:block;content:&#8221;&#8221;;border-bottom:0;-webkit-box-flex:1;-ms-flex-positive:1;flex-grow:1;border-top:var(&#8211;divider-border-width) var(&#8211;divider-border-style) var(&#8211;divider-color)}.elementor-widget-divider&#8211;element-align-left .elementor-divider .elementor-divider-separator&gt;.elementor-divider__svg:first-of-type{-webkit-box-flex:0;-ms-flex-positive:0;flex-grow:0;-ms-flex-negative:100;flex-shrink:100}.elementor-widget-divider&#8211;element-align-left .elementor-divider-separator:before{content:none}.elementor-widget-divider&#8211;element-align-left .elementor-divider__element{margin-left:0}.elementor-widget-divider&#8211;element-align-right .elementor-divider .elementor-divider-separator&gt;.elementor-divider__svg:last-of-type{-webkit-box-flex:0;-ms-flex-positive:0;flex-grow:0;-ms-flex-negative:100;flex-shrink:100}.elementor-widget-divider&#8211;element-align-right .elementor-divider-separator:after{content:none}.elementor-widget-divider&#8211;element-align-right .elementor-divider__element{margin-right:0}.elementor-widget-divider:not(.elementor-widget-divider&#8211;view-line_text):not(.elementor-widget-divider&#8211;view-line_icon) .elementor-divider-separator{border-top:var(&#8211;divider-border-width) var(&#8211;divider-border-style) var(&#8211;divider-color)}.elementor-widget-divider&#8211;separator-type-pattern{&#8211;divider-border-style:none}.elementor-widget-divider&#8211;separator-type-pattern.elementor-widget-divider&#8211;view-line .elementor-divider-separator,.elementor-widget-divider&#8211;separator-type-pattern:not(.elementor-widget-divider&#8211;view-line) .elementor-divider-separator:after,.elementor-widget-divider&#8211;separator-type-pattern:not(.elementor-widget-divider&#8211;view-line) .elementor-divider-separator:before,.elementor-widget-divider&#8211;separator-type-pattern:not([class*=elementor-widget-divider&#8211;view]) .elementor-divider-separator{width:100%;min-height:var(&#8211;divider-pattern-height);-webkit-mask-size:var(&#8211;divider-pattern-size) [&hellip;]<\/p>\n","protected":false},"author":1,"featured_media":0,"parent":0,"menu_order":0,"comment_status":"closed","ping_status":"closed","template":"elementor_header_footer","meta":[],"_links":{"self":[{"href":"https:\/\/abrafidef.org.br\/novo\/abrafidef\/wp-json\/wp\/v2\/pages\/19"}],"collection":[{"href":"https:\/\/abrafidef.org.br\/novo\/abrafidef\/wp-json\/wp\/v2\/pages"}],"about":[{"href":"https:\/\/abrafidef.org.br\/novo\/abrafidef\/wp-json\/wp\/v2\/types\/page"}],"author":[{"embeddable":true,"href":"https:\/\/abrafidef.org.br\/novo\/abrafidef\/wp-json\/wp\/v2\/users\/1"}],"replies":[{"embeddable":true,"href":"https:\/\/abrafidef.org.br\/novo\/abrafidef\/wp-json\/wp\/v2\/comments?post=19"}],"version-history":[{"count":14,"href":"https:\/\/abrafidef.org.br\/novo\/abrafidef\/wp-json\/wp\/v2\/pages\/19\/revisions"}],"predecessor-version":[{"id":1225,"href":"https:\/\/abrafidef.org.br\/novo\/abrafidef\/wp-json\/wp\/v2\/pages\/19\/revisions\/1225"}],"wp:attachment":[{"href":"https:\/\/abrafidef.org.br\/novo\/abrafidef\/wp-json\/wp\/v2\/media?parent=19"}],"curies":[{"name":"wp","href":"https:\/\/api.w.org\/{rel}","templated":true}]}}